{"id":32968,"date":"2025-12-12T15:07:21","date_gmt":"2025-12-12T15:07:21","guid":{"rendered":"https:\/\/otcshopping.com\/gh\/product\/cctv-wifi-ip-camera-v380-hd1080p-app-control-white\/"},"modified":"2026-03-02T17:50:55","modified_gmt":"2026-03-02T17:50:55","slug":"cctv-wifi-ip-camera-v380-hd1080p-app-control-white","status":"publish","type":"product","link":"https:\/\/otcshopping.com\/gh\/product\/cctv-wifi-ip-camera-v380-hd1080p-app-control-white\/","title":{"rendered":"CCTV Wifi IP Camera V380 HD1080p App Control &#8211; White"},"content":{"rendered":"","protected":false},"excerpt":{"rendered":"<p>Mini Baby Camera Indoor Monitor IP Wifi Smart Camera Auto Tracking Two-Way Audio Surveillance Security Network Camera for Home<\/p>\n<p><\/p>\n<p><b>Main Features:<\/b><\/p>\n<p><b>*HD Mini WIFI Camera<\/b><\/p>\n<p>* Camera head are rotatable with 355\u00b0pan and 90\u00b0tilt.<\/p>\n<p>* WIFI connection, watch the live video on mobile (APP:V380 Pro)<\/p>\n<p>* Auto Tracking,The camera will automatically track the body when somebody moves<\/p>\n<p>* Motion detection, once the motion detection is traggered, a notification message will be sent to your phone.<\/p>\n<p>* Two way audio, press the intercom button on the APP, you can talk with someone in the other side.<\/p>\n<p><\/p>\n<p>Technical Parameter:<\/p>\n<p>*Sensor: 1\/3\u2033Progressive Scan CMOS<\/p>\n<p>*Angle: 80Degree<\/p>\n<p>*Video Compression Standard: H.264<\/p>\n<p>*Audio Compression Standard: G.711a<\/p>\n<p>*Video Frame Rate:Max 25 fps<\/p>\n<p>*Auto Tracking:Support<\/p>\n<p>*Motion Detection: Support<\/p>\n<p>*Aduio Input \/ Output: Input built in microphone, output built in horn<\/p>\n<p>*IR Night Vision: 6pcs IR LEDs, night vision up to 33 feet<\/p>\n<p>*Local Storage: TF\/SD card, max support 128GB<\/p>\n<p>*Alarm Actions: Message push to APP (V380Pro)<\/p>\n<p>*Power: 5V(Android mobile phone same)<\/p>\n<p>*Network: Wi-Fi\/802.11\/b\/g<\/p>\n<p>*Power Consumption: less than 5W<\/p>\n<p><\/p>\n<p>355\u00b0Pan \/ 90\u00b0 Tilt<\/p>\n<p>Pan 355 Degree \/ Tilt 90 Degree will enable you watch every corner in your house.<\/p>\n<p><b><br \/><\/b><\/p>\n<\/p>\n<p>Audio bidirectionnel<\/p>\n<p>Haut-parleur et microphone int\u00e9gr\u00e9s, vous pouvez entendre et parler avec un autre c\u00f4t\u00e9.<\/p>\n<\/p>\n<p>Suivi automatique et d\u00e9tection de mouvement<\/p>\n<p>Lorsque la d\u00e9tection de mouvement a \u00e9t\u00e9 activ\u00e9e, l&#8217;appareil enverra automatiquement un message d&#8217;alerte.<\/p>\n<\/p>\n<p>Moniteur jour et nuit<\/p>\n<p>Avec le filtre intelligent IR-Cut, la vision de jour et de nuit devient nette et vive, et la lumi\u00e8re infrarouge 6pcs, jusqu&#8217;\u00e0 10 m de distance IR.<\/p>\n<\/p>\n<p>Prend en charge le stockage en nuage<\/p>\n<p>L&#8217;appareil peut \u00e9galement prendre en charge le stockage en nuage, ce qui peut \u00e9tendre plus d&#8217;espace pour enregistrer le fichier vid\u00e9o.<\/p>\n","protected":false},"featured_media":32967,"comment_status":"open","ping_status":"closed","template":"","meta":[],"product_brand":[],"product_cat":[2146],"product_tag":[2147],"class_list":{"0":"post-32968","1":"product","2":"type-product","3":"status-publish","4":"has-post-thumbnail","6":"product_cat-video-surveillance","7":"product_tag-video-surveilliance","9":"first","10":"instock","11":"sale","12":"taxable","13":"shipping-taxable","14":"purchasable","15":"product-type-simple"},"_links":{"self":[{"href":"https:\/\/otcshopping.com\/gh\/wp-json\/wp\/v2\/product\/32968","targetHints":{"allow":["GET"]}}],"collection":[{"href":"https:\/\/otcshopping.com\/gh\/wp-json\/wp\/v2\/product"}],"about":[{"href":"https:\/\/otcshopping.com\/gh\/wp-json\/wp\/v2\/types\/product"}],"replies":[{"embeddable":true,"href":"https:\/\/otcshopping.com\/gh\/wp-json\/wp\/v2\/comments?post=32968"}],"wp:featuredmedia":[{"embeddable":true,"href":"https:\/\/otcshopping.com\/gh\/wp-json\/wp\/v2\/media\/32967"}],"wp:attachment":[{"href":"https:\/\/otcshopping.com\/gh\/wp-json\/wp\/v2\/media?parent=32968"}],"wp:term":[{"taxonomy":"product_brand","embeddable":true,"href":"https:\/\/otcshopping.com\/gh\/wp-json\/wp\/v2\/product_brand?post=32968"},{"taxonomy":"product_cat","embeddable":true,"href":"https:\/\/otcshopping.com\/gh\/wp-json\/wp\/v2\/product_cat?post=32968"},{"taxonomy":"product_tag","embeddable":true,"href":"https:\/\/otcshopping.com\/gh\/wp-json\/wp\/v2\/product_tag?post=32968"}],"curies":[{"name":"wp","href":"https:\/\/api.w.org\/{rel}","templated":true}]}}