{"id":32986,"date":"2025-12-12T15:07:45","date_gmt":"2025-12-12T15:07:45","guid":{"rendered":"https:\/\/otcshopping.com\/gh\/product\/4k-ptz-outdoor-ip-wifi-video-surveillance-camera-black\/"},"modified":"2026-03-02T17:51:26","modified_gmt":"2026-03-02T17:51:26","slug":"4k-ptz-outdoor-ip-wifi-video-surveillance-camera-black","status":"publish","type":"product","link":"https:\/\/otcshopping.com\/gh\/product\/4k-ptz-outdoor-ip-wifi-video-surveillance-camera-black\/","title":{"rendered":"4K Ptz Outdoor IP Wifi Video Surveillance Camera &#8211; Black"},"content":{"rendered":"","protected":false},"excerpt":{"rendered":"<p>PTZ: 270 degrees left and right rotation, 90 degrees vertical rotation; Double antenna 5dB transmitting signal, high gain design, larger and stronger signal; The new H.265X storage design makes TF card storage smaller, more stable and more durable;<br \/>\n<br \/>\nThree corresponding connection methods: direct access to AP access point\/wireless WiFi connection\/wired network port;<\/p>\n<p>4MP Wifi IP Outdoor PTZ<br \/>\n<b>Surveillance Camera<\/b><br \/>\n<br \/>\nProduct Information: Style: WIfi Camera\/Wireless Camera\/CCTV Camera\/Audio Camera\/Infrared Camera\/Video\/Video Surveillance\/Speed Camera\/IP Camera; Megapixel: 4MP Plug\u00a0<\/p>\n<p><b>Specification:\u00a0<\/b><\/p>\n<ul>\n<li>Optional 4MP HD resolution<\/li>\n<li>EU PTZ: Rotates 270\u00b0 horizontally and 100\u00b0 vertically\u00a0<\/li>\n<li>Support AP direct connection \/ wireless connection \/ wired connection<\/li>\n<li>WiFi connection: the camera only supports 2.4G HZ WiFi\u00a0<\/li>\n<li>Does not support 5G HZ WiFi<\/li>\n<\/ul>\n<p>\nOrder now on<br \/>\n<b> Jumia Ghana <\/b><br \/>\nand have it delivered right at your door step.\u00a0 \u00a0<\/p>\n<p>\nPackage Contents:\u00a0<\/p>\n<ul>\n<li>1 X PTZ IP Camera\u00a0<\/li>\n<li>1 X DC 12V 2A Power Supply<\/li>\n<li>\u00a01 X Quick User Manual 4 X Screws<\/li>\n<\/ul>\n<h4>This security outdoor camera can withstand temperature ranges of -10\u2103~+60\u2103 (14*~140*), also has the waterproof function of IP66, super toughness ensures you full protection in all weather conditions .\u3010Accessoire \u00e0 distance \u3011 cette cam\u00e9ra ext\u00e9rieure de s\u00e9curit\u00e9 sans fil de maison de t\u00e9l\u00e9vision en circuit ferm\u00e9 est compatible avec Onvif. Les deux prennent en charge le syst\u00e8me PC (Windows) \/Android\/IOS et l&#8217;op\u00e9ration pour les contr\u00f4ler par application, le processus de connexion est rapide et facile. La cam\u00e9ra de s\u00e9curit\u00e9 ext\u00e9rieure peut transf\u00e9rer les droits d&#8217;administration au contr\u00f4le, peut \u00e9galement partager avec votre famille ou un ami pour regarder ensemble.<\/h4>\n<h5>4K Hd Image and Starlight Color Night Vision: The security camera can support 4K Hd(3840&#215;2160) and 4.0\u00d7 Digital Zoom, much clearer than 1080P, ensure you can see ultra-clear details during daytime and the night.\u00a0<\/h5>\n<h5>It also supports infrared night vision and LED color night vision, giving you the best color night vision experience. Whether in the presence of faint starlight or complete darkness, it can ensure that objects within 30 feet can be clearly monitored, giving you the best Night Vision experience.<\/h5>\n<\/p>\n<h5>TWO-WAY AND 24\/7 AUDIO RECORDING &#8211; This WiFi bulb camera has a built-in microphone and speaker that lets you talk with kids, guests, and couriers through the app. It supports 24\/7 continuous recording, all videos can be saved to Micro SD card (not included) or cloud (need to pay).<\/h5><\/p>\n","protected":false},"featured_media":32984,"comment_status":"open","ping_status":"closed","template":"","meta":[],"product_brand":[],"product_cat":[2146],"product_tag":[2147],"class_list":{"0":"post-32986","1":"product","2":"type-product","3":"status-publish","4":"has-post-thumbnail","6":"product_cat-video-surveillance","7":"product_tag-video-surveilliance","9":"first","10":"outofstock","11":"sale","12":"taxable","13":"shipping-taxable","14":"purchasable","15":"product-type-simple"},"_links":{"self":[{"href":"https:\/\/otcshopping.com\/gh\/wp-json\/wp\/v2\/product\/32986","targetHints":{"allow":["GET"]}}],"collection":[{"href":"https:\/\/otcshopping.com\/gh\/wp-json\/wp\/v2\/product"}],"about":[{"href":"https:\/\/otcshopping.com\/gh\/wp-json\/wp\/v2\/types\/product"}],"replies":[{"embeddable":true,"href":"https:\/\/otcshopping.com\/gh\/wp-json\/wp\/v2\/comments?post=32986"}],"wp:featuredmedia":[{"embeddable":true,"href":"https:\/\/otcshopping.com\/gh\/wp-json\/wp\/v2\/media\/32984"}],"wp:attachment":[{"href":"https:\/\/otcshopping.com\/gh\/wp-json\/wp\/v2\/media?parent=32986"}],"wp:term":[{"taxonomy":"product_brand","embeddable":true,"href":"https:\/\/otcshopping.com\/gh\/wp-json\/wp\/v2\/product_brand?post=32986"},{"taxonomy":"product_cat","embeddable":true,"href":"https:\/\/otcshopping.com\/gh\/wp-json\/wp\/v2\/product_cat?post=32986"},{"taxonomy":"product_tag","embeddable":true,"href":"https:\/\/otcshopping.com\/gh\/wp-json\/wp\/v2\/product_tag?post=32986"}],"curies":[{"name":"wp","href":"https:\/\/api.w.org\/{rel}","templated":true}]}}