{"id":33053,"date":"2025-12-12T15:12:10","date_gmt":"2025-12-12T15:12:10","guid":{"rendered":"https:\/\/otcshopping.com\/gh\/product\/hikvision-4mp-outdoor-smart-hybrid-light-pt-network-camera\/"},"modified":"2026-03-02T18:40:32","modified_gmt":"2026-03-02T18:40:32","slug":"hikvision-4mp-outdoor-smart-hybrid-light-pt-network-camera","status":"publish","type":"product","link":"https:\/\/otcshopping.com\/gh\/product\/hikvision-4mp-outdoor-smart-hybrid-light-pt-network-camera\/","title":{"rendered":"Hikvision 4MP OUTDOOR SMART HYBRID-LIGHT PT NETWORK CAMERA"},"content":{"rendered":"","protected":false},"excerpt":{"rendered":"<ul>\n<li><strong>Camera<\/strong><\/li>\n<li>Image Sensor: 1\/3&#8243; Progressive Scan CMOS<\/li>\n<li>Max. Resolution: 2560 \u00d7 1440<\/li>\n<li>Min. Illumination: Color: 0.01 Lux @ (F2.0, AGC ON),B\/W: 0.005 Lux @ (F2.0, AGC ON),0 Lux with light<\/li>\n<li><strong>Lens<\/strong><\/li>\n<li>Focal Length: 2.8 mm, 4 mm<\/li>\n<li>FOV<\/li>\n<\/ul>\n<p>2.8 mm, horizontal FOV 94\u00b0, vertical FOV 49\u00b0, diagonal FOV 114\u00b0<\/p>\n<p>4 mm, horizontal FOV 70\u00b0, vertical FOV 35\u00b0, diagonal FOV 85\u00b0<\/p>\n<ul>\n<li>Aperture: F1.6<\/li>\n<li><strong>Illuminator<\/strong><\/li>\n<li>Supplement Light TypeIR,White Light<\/li>\n<li>Supplement Light RangeWhite light distance: up to 30 m,IR distance: up to 30 m<\/li>\n<li>IR Wavelength: 850 nm<\/li>\n<li><strong>PTZ<\/strong><\/li>\n<li>Movement Range (Pan): 0\u00b0 to 345\u00b0<\/li>\n<li>Movement Range (Tilt): 0\u00b0 to 80\u00b0<\/li>\n<li>Pan Speed: Up to 25\u00b0\/s<\/li>\n<li>Tilt Speed: Up to 20\u00b0\/s<\/li>\n<li><strong>Video<\/strong><\/li>\n<li>Main Stream<\/li>\n<\/ul>\n<p>50 Hz: 20 fps (2560 \u00d7 1440, 1920 \u00d7 1080, 1280 \u00d7 720)<\/p>\n<p>60 Hz: 20 fps (2560 \u00d7 1440, 1920 \u00d7 1080, 1280 \u00d7 720)<\/p>\n<ul>\n<li>Sub-Stream: 50 Hz: 25 fps (640 \u00d7 480, 640 \u00d7 360)<\/li>\n<li>Video Compression: H.265, H.264, MJPEG<\/li>\n<li>Video Bit Rate: 32 Kbps to 8 Mbps<\/li>\n<li>H.264 Type: Baseline profile,Main profile,High profile<\/li>\n<li>H.265 Type: Main profile<\/li>\n<li><strong>Audio<\/strong><\/li>\n<li>Audio CompressionG.711\/G.722.1\/G.726\/MP2L2\/PCM\/AAC-LC<\/li>\n<li>Audio Bit Rate16 Kbps (G.722.1)\/64 Kbps (G.711)\/32 to 192 Kbps (MP2L2)\/16 Kbps (G.726)\/16 to 64 Kbps (AAC-LC)\/8 to 48 Kbps (PCM)<\/li>\n<li>Audio Sampling Rate8 kHz,16 kHz<\/li>\n<li>Environment Noise FilteringYes<\/li>\n<li><strong>Network<\/strong><\/li>\n<li>ProtocolsIPv4\/IPv6, HTTP, HTTPS, QoS, FTP, SMTP, UPnP, DNS, NTP, RTSP, RTP, TCP\/IP, UDP, DHCP, Bonjour<\/li>\n<li>APIONVIF (Profile S, Profile G, Profile T),ISAPI,SDK<\/li>\n<li><strong>Image<\/strong><\/li>\n<li>Image SettingsSaturation, brightness, contrast, and sharpness adjustable by client software or web browser<\/li>\n<li>Wide Dynamic Range (WDR)Digital WDR<\/li>\n<li>Image EnhancementBLC, HLC, 3D DNR<\/li>\n<li><strong>Interface<\/strong><\/li>\n<li>Ethernet Interface1 RJ45 10 M\/100 M self-adaptive Ethernet port<\/li>\n<li>Built-in Microphone1 built-in microphone<\/li>\n<li>On-board StorageBuilt-in memory card slot, support microSD\/microSDHC\/microSDXC card, up to 512 GB<\/li>\n<li>Built-in Speaker1 built-in speaker<\/li>\n<li><strong>Event<\/strong><\/li>\n<li>Basic EventMotion detection (support alarm triggering by specified target type (human)), video tampering alarm, exception<\/li>\n<li>LinkageUpload to FTP\/memory card, notify surveillance center, send email, trigger capture, audible warning, auto-tracking lite<\/li>\n<li><strong>General<\/strong><\/li>\n<li>Power<\/li>\n<\/ul>\n<p>12 VDC \u00b1 25%, 0.75 A, max. 9 W, \u00d85.5 mm coaxial power plug, reverse polarity protection,<\/p>\n<p>PoE: IEEE 802.3af, 36 V to 57 V, 0.2 A to 0.3 A, max. 10.5 W<\/p>\n<ul>\n<li><strong>Dimension<\/strong><\/li>\n<\/ul>\n<p>Camera dimension: 163.9 mm \u00d7 185.8 mm \u00d7 131.9 mm (6.45&#8243; \u00d7 7.31&#8243; \u00d7 5.19&#8243;)<\/p>\n<p>With package dimension: 224 mm \u00d7 164 mm \u00d7 230 mm (8.82 \u00d7 6.46&#8243; \u00d7 9.06&#8243;)&#8221;<\/p>\n<p>Camera weight: 600 g (1.32 lb.)<\/p>\n<p>With package weight: 900 g (2.0 lb.)<\/p>\n<ul>\n<li>Material: Plastic<\/li>\n<li>Operating Condition: -30 \u00b0C to 40 \u00b0C (-22 \u00b0F to 104 \u00b0F). Humidity:\u00a090% or less (non-condensing)<\/li>\n<li>General Function: Mirror, password protection, watermark<\/li>\n<li><strong>Approval<\/strong><\/li>\n<li>EMCCE- EMC (EN 55032: 2015, EN 61000-3-2: 2019, EN 61000-3-3: 2013 + A1: 2019, EN 50130-4: 2011 + A1: 2014)<\/li>\n<li>Safety: CB (IEC 62368-1: 2014 + A11),CE-LVD (EN 62368-1: 2014\/A11: 2017)<\/li>\n<li>Environment: CE-RoHS (2011\/65\/EU),Reach (Regulation (EC) No 1907\/2006)<\/li>\n<li>Protection: IP66 (IEC 60529-2013)<\/li>\n<\/ul>\n","protected":false},"featured_media":33052,"comment_status":"open","ping_status":"closed","template":"","meta":[],"product_brand":[2153],"product_cat":[2146],"product_tag":[2147],"class_list":{"0":"post-33053","1":"product","2":"type-product","3":"status-publish","4":"has-post-thumbnail","6":"product_brand-hikvision","7":"product_cat-video-surveillance","8":"product_tag-video-surveilliance","10":"first","11":"outofstock","12":"sale","13":"taxable","14":"shipping-taxable","15":"purchasable","16":"product-type-simple"},"_links":{"self":[{"href":"https:\/\/otcshopping.com\/gh\/wp-json\/wp\/v2\/product\/33053","targetHints":{"allow":["GET"]}}],"collection":[{"href":"https:\/\/otcshopping.com\/gh\/wp-json\/wp\/v2\/product"}],"about":[{"href":"https:\/\/otcshopping.com\/gh\/wp-json\/wp\/v2\/types\/product"}],"replies":[{"embeddable":true,"href":"https:\/\/otcshopping.com\/gh\/wp-json\/wp\/v2\/comments?post=33053"}],"wp:featuredmedia":[{"embeddable":true,"href":"https:\/\/otcshopping.com\/gh\/wp-json\/wp\/v2\/media\/33052"}],"wp:attachment":[{"href":"https:\/\/otcshopping.com\/gh\/wp-json\/wp\/v2\/media?parent=33053"}],"wp:term":[{"taxonomy":"product_brand","embeddable":true,"href":"https:\/\/otcshopping.com\/gh\/wp-json\/wp\/v2\/product_brand?post=33053"},{"taxonomy":"product_cat","embeddable":true,"href":"https:\/\/otcshopping.com\/gh\/wp-json\/wp\/v2\/product_cat?post=33053"},{"taxonomy":"product_tag","embeddable":true,"href":"https:\/\/otcshopping.com\/gh\/wp-json\/wp\/v2\/product_tag?post=33053"}],"curies":[{"name":"wp","href":"https:\/\/api.w.org\/{rel}","templated":true}]}}