{"id":33151,"date":"2025-12-12T16:55:13","date_gmt":"2025-12-12T16:55:13","guid":{"rendered":"https:\/\/otcshopping.com\/gh\/product\/hikvision-4-mp-fixed-outdoor-smart-hybrid-light-4g-pt-network-camera\/"},"modified":"2026-03-02T20:11:01","modified_gmt":"2026-03-02T20:11:01","slug":"hikvision-4-mp-fixed-outdoor-smart-hybrid-light-4g-pt-network-camera","status":"publish","type":"product","link":"https:\/\/otcshopping.com\/gh\/product\/hikvision-4-mp-fixed-outdoor-smart-hybrid-light-4g-pt-network-camera\/","title":{"rendered":"Hikvision 4 MP Fixed Outdoor Smart Hybrid-light 4G PT Network Camera"},"content":{"rendered":"","protected":false},"excerpt":{"rendered":"<ul>\n<li><strong>Camera<\/strong><\/li>\n<li>Image Sensor: 1\/2.7&#8243; Progressive Scan CMOS<\/li>\n<li>Max. Resolution2560 \u00d7 1440<\/li>\n<li>Min. Illumination: Color: 0.005 Lux @ (F1.6, AGC ON),B\/W: 0 Lux with IR<\/li>\n<li>Shutter Time: 1\/3 s to 1\/100,000 s<\/li>\n<li>Day &amp; Night: IR cut filter<\/li>\n<li><strong>Lens<\/strong><\/li>\n<li>Lens Type: Fixed focal lens, 2.8 and 4 mm optional<\/li>\n<li>Focal Length &amp; FOV<\/li>\n<\/ul>\n<p>2.8 mm, horizontal FOV 94\u00b0, vertical FOV 49\u00b0, diagonal FOV 114\u00b0<\/p>\n<p>4 mm, horizontal FOV 70\u00b0, vertical FOV 35\u00b0, diagonal FOV 85\u00b0<\/p>\n<ul>\n<li>Lens Mount: M12<\/li>\n<li>Iris Type: Fixed<\/li>\n<li>Aperture: F1.6<\/li>\n<li><strong>PTZ<\/strong><\/li>\n<li>Movement Range (Pan): 0\u00b0 to 345\u00b0<\/li>\n<li>Movement Range (Tilt): 0\u00b0 to 80\u00b0<\/li>\n<li>Pan Speed: Up to 25\u00b0\/s<\/li>\n<li>Tilt Speed: Up to 20\u00b0\/s<\/li>\n<li>DORI<\/li>\n<li>DORI<\/li>\n<\/ul>\n<p>2.8 mm, D: 68 m, O: 27 m, R: 13 m, I: 6 m<\/p>\n<p>4 mm, D: 100 m, O: 39 m, R: 20 m, I: 10 m<\/p>\n<ul>\n<li>Illuminator<\/li>\n<li>Supplement Light Type: IR,White Light<\/li>\n<li>Supplement Light Range: Up to 30 m<\/li>\n<li>Smart Supplement Light: Yes<\/li>\n<li>IR Wavelength: 850 nm<\/li>\n<li><strong>Video<\/strong><\/li>\n<li>Main Stream<\/li>\n<\/ul>\n<p>50 Hz:<\/p>\n<p>20 fps (2560 \u00d7 1440, 1920 \u00d7 1080, 1280 \u00d7 720)<\/p>\n<p>60 Hz:<\/p>\n<p>20 fps (2560 \u00d7 1440, 1920 \u00d7 1080, 1280 \u00d7 720)<\/p>\n<ul>\n<li>Sub-Stream<\/li>\n<\/ul>\n<p>50 Hz: 20 fps (768 x 432)<\/p>\n<p>60 Hz: 20 fps (768 x 432)<\/p>\n<ul>\n<li>Video Compression<\/li>\n<\/ul>\n<p>Main stream: H.265\/H.264,<\/p>\n<p>Sub-stream: H.265\/H.264\/MJPEG<\/p>\n<ul>\n<li>Video Bit Rate32 Kbps to 8 Mbps<\/li>\n<li>H.264 TypeBaseline Profile,Main Profile,High Profile<\/li>\n<li>H.265 TypeMain Profile<\/li>\n<li>Bit Rate ControlCBR,VBR<\/li>\n<li>Region of Interest (ROI)1 fixed region for main stream<\/li>\n<li>Scalable Video Coding (SVC)H.264 and H.265 encoding<\/li>\n<li><strong>Audio<\/strong><\/li>\n<li>Audio Type: Mono sound<\/li>\n<li>Audio Sampling Rate: 8 kHz\/16 kHz<\/li>\n<li>Environment Noise Filtering: Yes<\/li>\n<li>Audio Compression: G.711\/AAC-LC<\/li>\n<li>Audio Bit Rate: 64 Kbps (G.711ulaw)\/16 to 64 Kbps (AAC-LC)<\/li>\n<li><strong>Network<\/strong><\/li>\n<li>APIONVIF (Profile S, Profile G, Profile T),ISAPI,SDK,ISUP<\/li>\n<li>Security: Password protection, complicated password, HTTPS encryption, watermark, basic and digest authentication for HTTP\/HTTPS, WSSE and digest authentication for Open Network Video Interface, RTP\/RTSP over HTTPS, security audit log, TLS 1.2, TLS 1.3, host authentication (MAC address)<\/li>\n<li>Simultaneous Live View: Up to 6 channels<\/li>\n<li>Protocols: TCP\/IP, ICMP, DHCP, DNS, DDNS, HTTP, RTP, RTCP, RTSP, NTP, IGMP, IPv4, IPv6, UDP, QoS, SMTP, SNMP<\/li>\n<li>User\/Host<\/li>\n<\/ul>\n<p>Up to 32 users<\/p>\n<p>3 user levels: administrator, operator, and user<\/p>\n<ul>\n<li>Client: iVMS-4200,Hik-Connect<\/li>\n<li>Web Browser: Local service: IE11, Chrome 57.0+, Firefox 52.0+, Edge 89+<\/li>\n<li>Mobile Communication<\/li>\n<li>Standard: LTE-FDD,LTE-TDD<\/li>\n<li>Frequency<\/li>\n<\/ul>\n<p>EU:<\/p>\n<p>LTE-FDD: B1\/3\/5\/7\/8\/20\/28<\/p>\n<p>IN:<\/p>\n<p>LTE-FDD: B1\/3\/5\/8<\/p>\n<p>LTE-TDD: B34\/38\/39\/40\/41<\/p>\n<p>LA:<\/p>\n<p>LTE-FDD: B2\/3\/4\/5\/7\/8\/28\/66<\/p>\n<p>NA:<\/p>\n<p>LTE-FDD: B2\/4\/5\/12\/13\/17\/66\/71<\/p>\n<ul>\n<li>Uplink and Downlink Data Rate<\/li>\n<\/ul>\n<p>EU: uplink: 5.1 Mbps, downlink: 10.3 Mbps<\/p>\n<p>IN: uplink: 5.1 Mbps, downlink: 10.3 Mbps<\/p>\n<p>LA: uplink: 5.1 Mbps, downlink: 10.3 Mbps<\/p>\n<p>NA: uplink: 50 Mbps, downlink: 150 Mbps<\/p>\n<ul>\n<li>SIM Card Type: Nano SIM<\/li>\n<li><strong>Image<\/strong><\/li>\n<li>Wide Dynamic Range (WDR)Digital WDR<\/li>\n<li>SNR\u2265 52 dB<\/li>\n<li>Day\/Night SwitchDay,Night,Auto,Schedule<\/li>\n<li>Image EnhancementBLC,HLC,3D DNR<\/li>\n<li>Image SettingsSaturation,brightness,contrast,sharpness,gain,white balance,adjustable by client software or web browser<\/li>\n<li>Privacy Mask4 programmable polygon privacy masks<\/li>\n<li><strong>Interface<\/strong><\/li>\n<li>Ethernet Interface: 1 RJ45 10 M\/100 M self-adaptive Ethernet port<\/li>\n<li>On-Board Storage: Built-in memory card slot, support microSD\/microSDHC\/microSDXC card, up to 512 GB<\/li>\n<li>Built-in Microphone: 1 built-in microphone<\/li>\n<li>Built-in Speaker<\/li>\n<li>Max. power consumption: 1.5 W, max. sound pressure level: 10 cm: 95 dB.<\/li>\n<li>Reset KeyYes<\/li>\n<li><strong>Event<\/strong><\/li>\n<li>Basic Event: Motion detection (support alarm triggering by specified target types (human and vehicle), video tampering alarm,exception<\/li>\n<li>Linkage: Upload to FTP\/memory card, notify surveillance center, send email, trigger recording, trigger capture, audible warning, auto-tracking lite<\/li>\n<li><strong>General<\/strong><\/li>\n<li>Power<\/li>\n<\/ul>\n<p>12 VDC \u00b1 25%, 0.75 A, max. 9 W,\u00d85.5 mm coaxial power plug,reverse polarity protection,<\/p>\n<p>*A switching adapter is included in the package.<\/p>\n<ul>\n<li>Dimension<\/li>\n<\/ul>\n<p>131.9 mm \u00d7 164 mm \u00d7 312.6 mm (5.19&#8243; \u00d7 6.46&#8243; \u00d7 12.31&#8243;)<\/p>\n<p>131.9 mm \u00d7 164 mm \u00d7 332.6 mm (5.19 \u00d7 6.46&#8243; \u00d7 13.10&#8243;)&#8221;<\/p>\n<ul>\n<li>Material: Plastic<\/li>\n<li>Package Dimension: 224 mm \u00d7 178 mm \u00d7 230 mm (8.82&#8243; \u00d7 7.01&#8243; \u00d7 9.06&#8243;)<\/li>\n<li>Approx. 600 g (1.32 lb.)<\/li>\n<li>With Package Weight: Approx. 900 g (1.98 lb.)<\/li>\n<li>Storage Conditions: -30 \u00b0C to 40 \u00b0C (-22 \u00b0F to 104 \u00b0F). Humidity 95% or less (non-condensing)<\/li>\n<li>Startup and Operating Conditions: -30 \u00b0C to 40 \u00b0C (-22 \u00b0F to 104 \u00b0F). Humidity 95% or less (non-condensing)<\/li>\n<li>Language: English, Ukrainian<\/li>\n<li>General Function: Heartbeat,anti-banding,mirror,password protection,password reset via email<\/li>\n<li><strong>Approval<\/strong><\/li>\n<li>EMC<\/li>\n<\/ul>\n<p>CE-EMC: EN 55032:2015+A1:2020, EN 50130-4:2011+A1:2014, EN IEC 61000-3-2:2019+A1:2021, EN 61000-3-3:2013+A1:2019+A2:2021,<\/p>\n<p>IC: ICES-003: Issue 7,<\/p>\n<p>KC: KN32: 2015, KN35: 2015<\/p>\n<ul>\n<li><strong>Safety<\/strong><\/li>\n<\/ul>\n<p>CB: IEC 62368-1: 2014+A11,<\/p>\n<p>CE-LVD: EN 62368-1: 2014\/A11: 2017,<\/p>\n<p>BIS: IS 13252 (Part 1): 2010\/IEC 60950-1: 2005<\/p>\n<ul>\n<li><strong>Environment<\/strong><\/li>\n<\/ul>\n<p>CE-RoHS: 2011\/65\/EU,<\/p>\n<p>WEEE: 2012\/19\/EU,<\/p>\n<p>Reach: Regulation (EC) No 1907\/2006<\/p>\n<ul>\n<li>Protection: IP66: IEC 60529-2013<\/li>\n<\/ul>\n","protected":false},"featured_media":33150,"comment_status":"open","ping_status":"closed","template":"","meta":[],"product_brand":[2153],"product_cat":[2146],"product_tag":[2147],"class_list":{"0":"post-33151","1":"product","2":"type-product","3":"status-publish","4":"has-post-thumbnail","6":"product_brand-hikvision","7":"product_cat-video-surveillance","8":"product_tag-video-surveilliance","10":"first","11":"outofstock","12":"sale","13":"taxable","14":"shipping-taxable","15":"purchasable","16":"product-type-simple"},"_links":{"self":[{"href":"https:\/\/otcshopping.com\/gh\/wp-json\/wp\/v2\/product\/33151","targetHints":{"allow":["GET"]}}],"collection":[{"href":"https:\/\/otcshopping.com\/gh\/wp-json\/wp\/v2\/product"}],"about":[{"href":"https:\/\/otcshopping.com\/gh\/wp-json\/wp\/v2\/types\/product"}],"replies":[{"embeddable":true,"href":"https:\/\/otcshopping.com\/gh\/wp-json\/wp\/v2\/comments?post=33151"}],"wp:featuredmedia":[{"embeddable":true,"href":"https:\/\/otcshopping.com\/gh\/wp-json\/wp\/v2\/media\/33150"}],"wp:attachment":[{"href":"https:\/\/otcshopping.com\/gh\/wp-json\/wp\/v2\/media?parent=33151"}],"wp:term":[{"taxonomy":"product_brand","embeddable":true,"href":"https:\/\/otcshopping.com\/gh\/wp-json\/wp\/v2\/product_brand?post=33151"},{"taxonomy":"product_cat","embeddable":true,"href":"https:\/\/otcshopping.com\/gh\/wp-json\/wp\/v2\/product_cat?post=33151"},{"taxonomy":"product_tag","embeddable":true,"href":"https:\/\/otcshopping.com\/gh\/wp-json\/wp\/v2\/product_tag?post=33151"}],"curies":[{"name":"wp","href":"https:\/\/api.w.org\/{rel}","templated":true}]}}