{"id":40641,"date":"2025-12-20T18:05:46","date_gmt":"2025-12-20T18:05:46","guid":{"rendered":"https:\/\/otcshopping.com\/gh\/product\/alagzi-2025-new-mens-trendy-high-top-board-shoes-black-and-white\/"},"modified":"2026-03-03T02:40:39","modified_gmt":"2026-03-03T02:40:39","slug":"alagzi-2025-new-mens-trendy-high-top-board-shoes-black-and-white","status":"publish","type":"product","link":"https:\/\/otcshopping.com\/gh\/product\/alagzi-2025-new-mens-trendy-high-top-board-shoes-black-and-white\/","title":{"rendered":"ALagzi 2025 New Men&#8217;s Trendy High Top Board Shoes &#8211; Black And White"},"content":{"rendered":"","protected":false},"excerpt":{"rendered":"<ul>\n<li><strong>Bienvenue dans notre boutique!!!<\/strong><\/li>\n<li>C&#8217;est une chaussure \u00e9l\u00e9gante, confortable et rafra\u00eechissante d\u00e9riv\u00e9e du dernier mod\u00e8le de l&#8217;ann\u00e9e.<\/li>\n<li>La tige est le style le plus populaire de l&#8217;ann\u00e9e, il est cool et polyvalent. La texture sup\u00e9rieure est confortable, douce, d\u00e9contract\u00e9e et \u00e9l\u00e9gante. L&#8217;int\u00e9rieur est con\u00e7u avec des \u00e9vents qui vous permettent de respirer librement et confortablement, de sorte que vous ne sentirez pas facilement vos pieds si vous les portez pendant de longues p\u00e9riodes. La semelle est faite de rubber antid\u00e9rapant, doux et confortable.<\/li>\n<li>Ces chaussures sont parfaites pour ceux qui recherchent des chaussures \u00e9l\u00e9gantes. Ils sont \u00e0 la fois beaux et confortables et \u00e9l\u00e9gants.<\/li>\n<li>Vous pouvez \u00e9galement cliquer sur les images des autres chaussures ci &#8211; dessus pour voir d&#8217;autres chaussures populaires dans notre magasin. Nous voulons que vous ayez une exp\u00e9rience de magasinage agr\u00e9able. Merci<\/li>\n<li>Style: d\u00e9contract\u00e9, sportif.<\/li>\n<li>Mat\u00e9riau principal: textile.<\/li>\n<li>Caract\u00e9ristiques: respirant, r\u00e9sistant \u00e0 l&#8217;abrasion et confortable.<\/li>\n<li>Occasion: sport, loisirs, bureau, ext\u00e9rieur, rendez &#8211; vous, quotidien, shopping.<\/li>\n<li><strong>Tableau des tailles<\/strong><\/li>\n<li>36\/230mm<\/li>\n<li>37\/235mm<\/li>\n<li>38\/240mm<\/li>\n<li>39\/245mm<\/li>\n<li>40\/250mm<\/li>\n<li>41\/255mm<\/li>\n<li>42\/260mm<\/li>\n<li>43\/265mm<\/li>\n<li>44\/270mm<\/li>\n<li>45\/275mm<\/li>\n<li>46\/280mm<\/li>\n<li>47\/285mm<\/li>\n<li>48\/290mm<\/li>\n<li>Conseils\u00a0: Ces chaussures sont dans des tailles EUR standard, veuillez choisir votre taille avec ce tableau des tailles de chaussures, merci\u00a0!<\/li>\n<li>\u00a0<\/li>\n<li><strong>Service client Liangzai2021<\/strong><\/li>\n<li>Garantie d&#8217;achat en toute s\u00e9curit\u00e9.<\/li>\n<li>Service client 7\u00a0jours\u00a0x\u00a024\u00a0heures.<\/li>\n<li>Conseils1\u00a0: Si vous suivez la tendance de la mode, veuillez SUIVRE notre boutique.<\/li>\n<li>Conseils2\u00a0: Si vous souhaitez profiter d&#8217;une remise de 50\u00a0% ou plus, veuillez SUIVRE notre boutique.<\/li>\n<li>Conseils3\u00a0: Si vous recherchez des produits de haute qualit\u00e9 et bon march\u00e9, veuillez SUIVRE notre boutique.<\/li>\n<\/ul>\n","protected":false},"featured_media":40639,"comment_status":"open","ping_status":"closed","template":"","meta":[],"product_brand":[434],"product_cat":[566],"product_tag":[450],"class_list":{"0":"post-40641","1":"product","2":"type-product","3":"status-publish","4":"has-post-thumbnail","6":"product_brand-alagzi","7":"product_cat-men-shoes","8":"product_tag-men-shoes","10":"first","11":"instock","12":"sale","13":"taxable","14":"shipping-taxable","15":"purchasable","16":"product-type-simple"},"_links":{"self":[{"href":"https:\/\/otcshopping.com\/gh\/wp-json\/wp\/v2\/product\/40641","targetHints":{"allow":["GET"]}}],"collection":[{"href":"https:\/\/otcshopping.com\/gh\/wp-json\/wp\/v2\/product"}],"about":[{"href":"https:\/\/otcshopping.com\/gh\/wp-json\/wp\/v2\/types\/product"}],"replies":[{"embeddable":true,"href":"https:\/\/otcshopping.com\/gh\/wp-json\/wp\/v2\/comments?post=40641"}],"wp:featuredmedia":[{"embeddable":true,"href":"https:\/\/otcshopping.com\/gh\/wp-json\/wp\/v2\/media\/40639"}],"wp:attachment":[{"href":"https:\/\/otcshopping.com\/gh\/wp-json\/wp\/v2\/media?parent=40641"}],"wp:term":[{"taxonomy":"product_brand","embeddable":true,"href":"https:\/\/otcshopping.com\/gh\/wp-json\/wp\/v2\/product_brand?post=40641"},{"taxonomy":"product_cat","embeddable":true,"href":"https:\/\/otcshopping.com\/gh\/wp-json\/wp\/v2\/product_cat?post=40641"},{"taxonomy":"product_tag","embeddable":true,"href":"https:\/\/otcshopping.com\/gh\/wp-json\/wp\/v2\/product_tag?post=40641"}],"curies":[{"name":"wp","href":"https:\/\/api.w.org\/{rel}","templated":true}]}}